{"id":2237,"date":"2020-06-25T11:06:07","date_gmt":"2020-06-25T11:06:07","guid":{"rendered":"https:\/\/andaluciadestinodecine.com\/?page_id=2237"},"modified":"2021-03-04T12:07:27","modified_gmt":"2021-03-04T10:07:27","slug":"politica-de-privacidad","status":"publish","type":"page","link":"https:\/\/andaluciadestinodecine.com\/en\/politica-de-privacidad\/","title":{"rendered":"Pol\u00edtica de privacidad"},"content":{"rendered":"\t\t<div data-elementor-type=\"wp-page\" data-elementor-id=\"2237\" class=\"elementor elementor-2237 elementor-1929\" data-elementor-post-type=\"page\">\n\t\t\t\t\t\t<section class=\"elementor-section elementor-top-section elementor-element elementor-element-367f5db elementor-section-boxed elementor-section-height-default elementor-section-height-default\" data-id=\"367f5db\" data-element_type=\"section\" data-e-type=\"section\">\n\t\t\t\t\t\t<div class=\"elementor-container elementor-column-gap-default\">\n\t\t\t\t\t<div class=\"elementor-column elementor-col-16 elementor-top-column elementor-element elementor-element-ae95454\" data-id=\"ae95454\" data-element_type=\"column\" data-e-type=\"column\">\n\t\t\t<div class=\"elementor-widget-wrap\">\n\t\t\t\t\t\t\t<\/div>\n\t\t<\/div>\n\t\t\t\t<div class=\"elementor-column elementor-col-66 elementor-top-column elementor-element elementor-element-2e73df7\" data-id=\"2e73df7\" data-element_type=\"column\" data-e-type=\"column\">\n\t\t\t<div class=\"elementor-widget-wrap elementor-element-populated\">\n\t\t\t\t\t\t<div class=\"elementor-element elementor-element-971cea2 elementor-widget elementor-widget-spacer\" data-id=\"971cea2\" data-element_type=\"widget\" data-e-type=\"widget\" data-widget_type=\"spacer.default\">\n\t\t\t\t<div class=\"elementor-widget-container\">\n\t\t\t\t\t\t\t<div class=\"elementor-spacer\">\n\t\t\t<div class=\"elementor-spacer-inner\"><\/div>\n\t\t<\/div>\n\t\t\t\t\t\t<\/div>\n\t\t\t\t<\/div>\n\t\t\t\t<div class=\"elementor-element elementor-element-cf49cee elementor-widget__width-auto elementor-widget elementor-widget-heading\" data-id=\"cf49cee\" data-element_type=\"widget\" data-e-type=\"widget\" data-widget_type=\"heading.default\">\n\t\t\t\t<div class=\"elementor-widget-container\">\n\t\t\t\t\t<h2 class=\"elementor-heading-title elementor-size-default\">Pol\u00edtica de privacidad<\/h2>\t\t\t\t<\/div>\n\t\t\t\t<\/div>\n\t\t\t\t\t<\/div>\n\t\t<\/div>\n\t\t\t\t<div class=\"elementor-column elementor-col-16 elementor-top-column elementor-element elementor-element-22e9d0f\" data-id=\"22e9d0f\" data-element_type=\"column\" data-e-type=\"column\">\n\t\t\t<div class=\"elementor-widget-wrap\">\n\t\t\t\t\t\t\t<\/div>\n\t\t<\/div>\n\t\t\t\t\t<\/div>\n\t\t<\/section>\n\t\t\t\t<section class=\"elementor-section elementor-top-section elementor-element elementor-element-4806ff5 elementor-section-boxed elementor-section-height-default elementor-section-height-default\" data-id=\"4806ff5\" data-element_type=\"section\" data-e-type=\"section\">\n\t\t\t\t\t\t<div class=\"elementor-container elementor-column-gap-default\">\n\t\t\t\t\t<div class=\"elementor-column elementor-col-16 elementor-top-column elementor-element elementor-element-625840e\" data-id=\"625840e\" data-element_type=\"column\" data-e-type=\"column\">\n\t\t\t<div class=\"elementor-widget-wrap\">\n\t\t\t\t\t\t\t<\/div>\n\t\t<\/div>\n\t\t\t\t<div class=\"elementor-column elementor-col-66 elementor-top-column elementor-element elementor-element-9863199\" data-id=\"9863199\" data-element_type=\"column\" data-e-type=\"column\">\n\t\t\t<div class=\"elementor-widget-wrap elementor-element-populated\">\n\t\t\t\t\t\t<div class=\"elementor-element elementor-element-070a7df elementor-widget elementor-widget-text-editor\" data-id=\"070a7df\" data-element_type=\"widget\" data-e-type=\"widget\" data-widget_type=\"text-editor.default\">\n\t\t\t\t<div class=\"elementor-widget-container\">\n\t\t\t\t\t\t\t\t\t<div class=\"kleo_text_column wpb_text_column wpb_content_element \" data-uid=\"603fce65c9dd5\"><div class=\"wpb_wrapper\"><p><b>\u00bfQui\u00e9n es el responsable del tratamiento de tus datos?<\/b><\/p><\/div><\/div><div class=\"kleo_text_column wpb_text_column wpb_content_element \"><div class=\"wpb_wrapper\"><p>Identidad: Asociaci\u00f3n Andaluza de Comisionados de Filmaciones, Cine y Televisi\u00f3n \/ Andaluc\u00eda Film Commission<br \/>CIF: G-91605907<br \/>Inscrita en el Registro Provincial de Asociaciones de Sevilla con el n\u00famero\u00a011547 desde el 12 de Junio de 2007<br \/>Direcci\u00f3n postal: Avenida Alcalde Luis Uru\u00f1uela, 1. Palacio de Exposiciones y Congresos FIBES. (41020) Sevilla.<br \/>Tel\u00e9fono:\u00a0 (+34) 954 614 009<br \/>Correo electr\u00f3nico: info@andaluciafilm.com<\/p><\/div><\/div><div class=\"vc_separator wpb_content_element vc_separator_align_center vc_sep_width_70 vc_sep_pos_align_left vc_separator_no_text vc_sep_color_grey\">\u00a0<\/div><div class=\"kleo_text_column wpb_text_column wpb_content_element \" data-uid=\"603fce65ca209\"><div class=\"wpb_wrapper\"><p><b>\u00bfCon qu\u00e9 finalidad tratamos tus datos personales?<\/b><\/p><\/div><\/div><div class=\"kleo_text_column wpb_text_column wpb_content_element \"><div class=\"wpb_wrapper\"><p>Dentro de nuestra web existen varios formularios de recogida de datos distintos, cada uno de los cuales tiene una finalidad distinta:<\/p><ul><li>Formulario de suscripci\u00f3n al bolet\u00edn: tiene como finalidad solicitar los datos necesarios para que el\/la usuario\/a reciba puntualmente informaci\u00f3n acerca de las actividades y eventos de Andaluc\u00eda Destino de Cine.<\/li><\/ul><p>Cualquier modificaci\u00f3n que pueda en su caso producirse en los datos de car\u00e1cter personal, deber\u00e1 ser puesta en conocimiento por parte del titular de los mismos, respondiendo en cualquier caso de la veracidad y exactitud de los datos suministrados en cada momento.<\/p><\/div><\/div><div class=\"vc_separator wpb_content_element vc_separator_align_center vc_sep_width_70 vc_sep_pos_align_left vc_separator_no_text vc_sep_color_grey\">\u00a0<\/div><div class=\"kleo_text_column wpb_text_column wpb_content_element \" data-uid=\"603fce65ca622\"><div class=\"wpb_wrapper\"><p><b>Pol\u00edtica de Cookies<\/b><\/p><\/div><\/div><div class=\"kleo_text_column wpb_text_column wpb_content_element \"><div class=\"wpb_wrapper\"><p>Si tienes una cuenta y te conectas a este sitio, instalaremos una cookie temporal para determinar si tu navegador acepta cookies. Esta cookie no contiene datos personales y se elimina al cerrar el navegador.<\/p><p>Cuando inicias sesi\u00f3n, tambi\u00e9n instalaremos varias cookies para guardar tu informaci\u00f3n de inicio de sesi\u00f3n y tus opciones de visualizaci\u00f3n de pantalla. Las cookies de inicio de sesi\u00f3n duran dos d\u00edas, y las cookies de opciones de pantalla duran un a\u00f1o. Si seleccionas \u201cRecordarme\u201d, tu inicio de sesi\u00f3n perdurar\u00e1 durante dos semanas. Si sales de tu cuenta, las cookies de inicio de sesi\u00f3n se eliminar\u00e1n.<\/p><\/div><\/div><div class=\"kleo_text_column wpb_text_column wpb_content_element \"><div class=\"wpb_wrapper\"><p>Los art\u00edculos de este sitio pueden incluir contenido incrustado (por ejemplo, v\u00eddeos, im\u00e1genes, art\u00edculos, etc.). El contenido incrustado de otras web se comporta exactamente de la misma manera que si el visitante hubiera visitado la otra web.<\/p><p>Estas webs pueden recopilar datos sobre ti, utilizar cookies, incrustar un seguimiento adicional de terceros, y supervisar tu interacci\u00f3n con ese contenido incrustado, incluido el seguimiento de tu interacci\u00f3n con el contenido incrustado si tienes una cuenta y est\u00e1s conectado a esa web.<\/p><\/div><\/div><div class=\"vc_separator wpb_content_element vc_separator_align_center vc_sep_width_70 vc_sep_pos_align_left vc_separator_no_text vc_sep_color_grey\">\u00a0<\/div><div class=\"kleo_text_column wpb_text_column wpb_content_element \" data-uid=\"603fce65caaf9\"><div class=\"wpb_wrapper\"><p><b>Contenido incrustado de otros sitios web<\/b><\/p><\/div><\/div><div class=\"kleo_text_column wpb_text_column wpb_content_element \"><div class=\"wpb_wrapper\"><p>Tus datos ser\u00e1n conservados mientras no revoques tu consentimiento para que los tratemos, en cuyo caso tus datos ser\u00e1n conservados \u00fanicamente durante el plazo exigido por la normativa legal aplicable.<\/p><p>Tratamos tus datos de manera l\u00edcita, leal, transparente, adecuada, pertinente, limitada, exacta y actualizada. Es por ello que nos comprometemos a adoptar todas las medidas razonables para que estos se supriman o rectifiquen sin dilaci\u00f3n cuando sean inexactos.<\/p><\/div><\/div><div class=\"vc_separator wpb_content_element vc_separator_align_center vc_sep_width_70 vc_sep_pos_align_left vc_separator_no_text vc_sep_color_grey\">\u00a0<\/div><div class=\"kleo_text_column wpb_text_column wpb_content_element \" data-uid=\"603fce65cae9e\"><div class=\"wpb_wrapper\"><p><b>\u00bfCu\u00e1l es la legitimaci\u00f3n para el tratamiento de tus datos?<\/b><\/p><\/div><\/div><div class=\"kleo_text_column wpb_text_column wpb_content_element \"><div class=\"wpb_wrapper\"><p>La base jur\u00eddica para el tratamiento de tus datos es tu consentimiento manifestado expresamente con la aceptaci\u00f3n de la presente pol\u00edtica de protecci\u00f3n de datos al aceptar la casilla de verificaci\u00f3n no pre-marcada en el formulario de recogida de datos.<\/p><p>En el caso de que se suministren datos de terceros, el usuario declara contar con el consentimiento de los titulares de los mismos para la citada comunicaci\u00f3n de datos o en su caso ostentar su representaci\u00f3n legal, eximiendo de toda responsabilidad a Andaluc\u00eda Film Commission.<\/p><\/div><\/div><div class=\"vc_separator wpb_content_element vc_separator_align_center vc_sep_width_70 vc_sep_pos_align_left vc_separator_no_text vc_sep_color_grey\">\u00a0<\/div><div class=\"kleo_text_column wpb_text_column wpb_content_element \" data-uid=\"603fce65cb268\"><div class=\"wpb_wrapper\"><p><b>\u00bfA qu\u00e9 destinatarios se comunicar\u00e1n tus datos?<\/b><\/p><\/div><\/div><div class=\"kleo_text_column wpb_text_column wpb_content_element \"><div class=\"wpb_wrapper\"><p>Los datos no se ceder\u00e1n a terceros salvo en los casos en que exista una obligaci\u00f3n legal o sea preciso para el cumplimiento de la finalidad del tratamiento.<\/p><p>En este \u00faltimo sentido, para prestar servicios estrictamente necesarios para el desarrollo de nuestra actividad, Andaluc\u00eda Film Commission comparte datos con prestadores de servicios tales como el servicio de alojamiento o la plataforma web, proveedores con quienes tengo firmados los correspondientes contratos de encargado de tratamiento conforme a la normativa vigente en materia de protecci\u00f3n de datos.<\/p><p>Todas las utilidades ofrecidas por terceros son estrictamente necesarias para el desarrollo de nuestros servicios y han sido seleccionadas atendiendo al cumplimiento de los derechos que preservamos en esta web.<\/p><\/div><\/div><div class=\"vc_separator wpb_content_element vc_separator_align_center vc_sep_width_70 vc_sep_pos_align_left vc_separator_no_text vc_sep_color_grey\">\u00a0<\/div><div class=\"kleo_text_column wpb_text_column wpb_content_element \" data-uid=\"603fce65cb640\"><div class=\"wpb_wrapper\"><p><b>\u00bfCu\u00e1les son tus derechos cuando nos facilitas tus datos?<\/b><\/p><\/div><\/div><div class=\"kleo_text_column wpb_text_column wpb_content_element \"><div class=\"wpb_wrapper\"><p>Cualquier persona tiene derecho a obtener confirmaci\u00f3n sobre si Andaluc\u00eda Film Commission est\u00e1 tratando datos personales que les conciernan, o no.<\/p><p>Las personas interesadas tienen derecho a acceder a sus datos personales, as\u00ed como a solicitar la rectificaci\u00f3n de los datos inexactos o, en su caso, solicitar su supresi\u00f3n cuando, entre otros motivos, los datos ya no sean necesarios para los fines que fueron recogidos.<\/p><p>En determinadas circunstancias, los interesados podr\u00e1n solicitar la limitaci\u00f3n del tratamiento de sus datos, en cuyo caso \u00fanicamente los conservaremos para el ejercicio o la defensa de reclamaciones.<\/p><p>En determinadas circunstancias y por motivos relacionados con su situaci\u00f3n particular, los interesados podr\u00e1n oponerse al tratamiento de sus datos. Andaluc\u00eda Film Commission dejar\u00e1 de tratar los datos, salvo por motivos leg\u00edtimos imperiosos, o el ejercicio o la defensa de posibles reclamaciones.<\/p><p>Puedes ejercitar los derechos de acceso, rectificaci\u00f3n, limitaci\u00f3n del tratamiento, supresi\u00f3n, oposici\u00f3n y portabilidad, mediante solicitud dirigida por escrito, acreditando tu identidad mediante correo electr\u00f3nico a la direcci\u00f3n electr\u00f3nica info@andaluciafilm.com\u00a0indicando en el Asunto EJERCICIO DERECHOS PROTECCI\u00d3N DE DATOS.<\/p><p>Para el supuesto de que entiendas que tu solicitud no ha sido correctamente atendida te indicamos que puedes dirigir tus reclamaciones en materia de protecci\u00f3n de datos a la Agencia Espa\u00f1ola de Protecci\u00f3n de datos a trav\u00e9s de los formularios que esta entidad tiene habilitados al efecto en su p\u00e1gina web\u00a0<a href=\"http:\/\/www.agpd.es\/\" target=\"_blank\" rel=\"noopener noreferrer\">www.agpd.es<\/a>.<\/p><\/div><\/div><div class=\"vc_separator wpb_content_element vc_separator_align_center vc_sep_width_70 vc_sep_pos_align_left vc_separator_no_text vc_sep_color_grey\">\u00a0<\/div><div class=\"kleo_text_column wpb_text_column wpb_content_element \" data-uid=\"603fce65cba2c\"><div class=\"wpb_wrapper\"><p><b>\u00bfQu\u00e9 tipo de datos tratamos?<\/b><\/p><\/div><\/div><div class=\"kleo_text_column wpb_text_column wpb_content_element \"><div class=\"wpb_wrapper\"><p>Las categor\u00edas de datos que tratamos son:<\/p><ul><li>Direcciones postales y electr\u00f3nicas<\/li><li>Informaci\u00f3n comercial<\/li><\/ul><p>No se tratan datos especialmente protegidos.<\/p><\/div><\/div><div class=\"vc_separator wpb_content_element vc_separator_align_center vc_sep_width_70 vc_sep_pos_align_left vc_separator_no_text vc_sep_color_grey\">\u00a0<\/div><div class=\"kleo_text_column wpb_text_column wpb_content_element vc_custom_1569402325397\" data-uid=\"603fce65cbe22\"><div class=\"wpb_wrapper\"><p><b>Menores de edad<\/b><\/p><\/div><\/div><div class=\"kleo_text_column wpb_text_column wpb_content_element \"><div class=\"wpb_wrapper\"><p>Conforme a lo dispuesto en la normativa de protecci\u00f3n de datos la Asociaci\u00f3n Andaluza de Comisionados de Filmaciones, Cine y Televisi\u00f3n (en adelante Andaluc\u00eda Film Commission) determina como requisito indispensable para que puedas contactar o registrarte en nuestro sistema que tengas m\u00e1s de trece a\u00f1os, o en su defecto que cuentes con la pertinente autorizaci\u00f3n de tus padres y\/o tutores legales. Si eres menor de trece a\u00f1os y has accedido a este sitio web sin avisar a tus padres no debes mandar este formulario.<\/p><p>La responsabilidad de la veracidad de esta informaci\u00f3n recae sobre ti. Andaluc\u00eda Film Commission en el supuesto de que compruebe que no se cumple el citado requisito, tiene la potestad para hacer caso omiso a la solicitud remitida. En ning\u00fan caso se recabar\u00e1n del menor de edad datos relativos a la situaci\u00f3n profesional, econ\u00f3mica o a la intimidad de los otros miembros de la familia, sin el consentimiento de estos.<\/p><\/div><\/div><div class=\"vc_separator wpb_content_element vc_separator_align_center vc_sep_width_70 vc_sep_pos_align_left vc_separator_no_text vc_sep_color_grey\">\u00a0<\/div><div class=\"kleo_text_column wpb_text_column wpb_content_element \" data-uid=\"603fce65cc208\"><div class=\"wpb_wrapper\"><p><b>Comunicaciones comerciales por medios electr\u00f3nicos<\/b><\/p><\/div><\/div><div class=\"kleo_text_column wpb_text_column wpb_content_element \"><div class=\"wpb_wrapper\"><p>Andaluc\u00eda Film Commission informa que da cumplimiento a la Ley 34\/2002 de 11 de julio, de Servicios de la Sociedad de la Informaci\u00f3n y el Comercio Electr\u00f3nico y no realiza pr\u00e1cticas de SPAM, por ello te solicitar\u00e1 tu consentimiento al tratamiento de tu correo electr\u00f3nico o tel\u00e9fono m\u00f3vil con fines comerciales en cada momento.<\/p><\/div><\/div><div class=\"vc_separator wpb_content_element vc_separator_align_center vc_sep_width_70 vc_sep_pos_align_left vc_separator_no_text vc_sep_color_grey\">\u00a0<\/div><div class=\"kleo_text_column wpb_text_column wpb_content_element \" data-uid=\"603fce65cc5e0\"><div class=\"wpb_wrapper\"><p><b>Actualizaci\u00f3n de la Pol\u00edtica de privacidad<\/b><\/p><\/div><\/div><div class=\"kleo_text_column wpb_text_column wpb_content_element \"><div class=\"wpb_wrapper\"><p>Andaluc\u00eda Film Commission se reserva el derecho de modificar su pol\u00edtica de privacidad o condiciones de uso de sus servicios por motivos de adaptaci\u00f3n a la legislaci\u00f3n vigente, u otros motivos, por lo que se recomienda al usuario de este sitio web la revisi\u00f3n peri\u00f3dica de esta p\u00e1gina, ya que el uso de este sitio web por parte del usuario se entender\u00e1 como aceptaci\u00f3n de la pol\u00edtica de privacidad o condiciones de uso vigentes en ese momento.<\/p><p>Se asegura la absoluta confidencialidad y privacidad de los datos personales recogidos y por ello se han adoptado medidas de seguridad a fin de evitar la alteraci\u00f3n, p\u00e9rdida, tratamiento o acceso no autorizado, y garantizar as\u00ed su integridad, disponibilidad y seguridad.<\/p><p>Sin embargo, Andaluc\u00eda Film Commission no ser\u00e1 responsable de las incidencias que puedan surgir en torno a datos personales cuando estas se deriven: bien de un ataque o acceso no autorizado a los sistemas de tal forma que resulte imposible detectarlo o impedirlo a\u00fan adopt\u00e1ndose las medidas seg\u00fan el estado de la tecnolog\u00eda actual.<\/p><\/div><\/div>\t\t\t\t\t\t\t\t<\/div>\n\t\t\t\t<\/div>\n\t\t\t\t\t<\/div>\n\t\t<\/div>\n\t\t\t\t<div class=\"elementor-column elementor-col-16 elementor-top-column elementor-element elementor-element-e20f66f\" data-id=\"e20f66f\" data-element_type=\"column\" data-e-type=\"column\">\n\t\t\t<div class=\"elementor-widget-wrap\">\n\t\t\t\t\t\t\t<\/div>\n\t\t<\/div>\n\t\t\t\t\t<\/div>\n\t\t<\/section>\n\t\t\t\t<\/div>\n\t\t","protected":false},"excerpt":{"rendered":"<p>Pol\u00edtica de privacidad \u00bfQui\u00e9n es el responsable del tratamiento de tus datos? Identidad: Asociaci\u00f3n Andaluza de Comisionados de Filmaciones, Cine y Televisi\u00f3n \/ Andaluc\u00eda Film CommissionCIF: G-91605907Inscrita en el Registro Provincial de Asociaciones de Sevilla con el n\u00famero\u00a011547 desde el 12 de Junio de 2007Direcci\u00f3n postal: Avenida Alcalde Luis Uru\u00f1uela, 1. Palacio de Exposiciones y Congresos FIBES. (41020) Sevilla.Tel\u00e9fono:\u00a0 (+34) [&hellip;]<\/p>\n","protected":false},"author":1,"featured_media":0,"parent":0,"menu_order":0,"comment_status":"closed","ping_status":"closed","template":"","meta":{"footnotes":""},"class_list":["post-2237","page","type-page","status-publish","hentry"],"_links":{"self":[{"href":"https:\/\/andaluciadestinodecine.com\/en\/wp-json\/wp\/v2\/pages\/2237"}],"collection":[{"href":"https:\/\/andaluciadestinodecine.com\/en\/wp-json\/wp\/v2\/pages"}],"about":[{"href":"https:\/\/andaluciadestinodecine.com\/en\/wp-json\/wp\/v2\/types\/page"}],"author":[{"embeddable":true,"href":"https:\/\/andaluciadestinodecine.com\/en\/wp-json\/wp\/v2\/users\/1"}],"replies":[{"embeddable":true,"href":"https:\/\/andaluciadestinodecine.com\/en\/wp-json\/wp\/v2\/comments?post=2237"}],"version-history":[{"count":7,"href":"https:\/\/andaluciadestinodecine.com\/en\/wp-json\/wp\/v2\/pages\/2237\/revisions"}],"predecessor-version":[{"id":7395,"href":"https:\/\/andaluciadestinodecine.com\/en\/wp-json\/wp\/v2\/pages\/2237\/revisions\/7395"}],"wp:attachment":[{"href":"https:\/\/andaluciadestinodecine.com\/en\/wp-json\/wp\/v2\/media?parent=2237"}],"curies":[{"name":"wp","href":"https:\/\/api.w.org\/{rel}","templated":true}]}}